{"id":114,"date":"2019-03-21T13:40:46","date_gmt":"2019-03-21T11:40:46","guid":{"rendered":"http:\/\/www.mitkunai.lt\/?page_id=114"},"modified":"2019-03-21T15:06:02","modified_gmt":"2019-03-21T13:06:02","slug":"2017-zaidimu-aikstele","status":"publish","type":"page","link":"https:\/\/www.mitkunai.lt\/?page_id=114","title":{"rendered":"2017 \u017daidim\u0173 aik\u0161tel\u0117"},"content":{"rendered":"<div id=\"fb-root\"><\/div>\n\n<p>2017m. Mitk\u016bn\u0173 kaimo bendruomen\u0117 pateik\u0117 pra\u0161ym\u0105 pagal Nacionalin\u0117s paramos kaimo bendruomeni\u0173 veiklai remti apra\u0161\u0105 skirt\u0105 kaimo vietov\u0117s vie\u0161\u0173j\u0173 erdvi\u0173 sutvarkymui, pritaikant jas kaimo gyventoj\u0173 poreikiams.<\/p>\n\n\n\n<h4 class=\"wp-block-heading\">Projekto metu: <\/h4>\n\n\n\n<ul class=\"wp-block-list\"><li>sutvarkyta vie\u0161oji erdv\u0117 valstybin\u0117je \u017eem\u0117je: i\u0161lygintas sklypas, \u012frengtas drena\u017eas,<\/li><li>\u012frengta aktyvaus poilsio aik\u0161tel\u0117,<\/li><li>pastatytas aik\u0161tel\u0117s ap\u0161vietimas,<\/li><li>sutvarkytas gerb\u016bvis: sud\u0117tos trinkel\u0117s, pastatyta tvorel\u0117, \u012frengta saugos kamera<\/li><\/ul>\n\n\n\nngg_shortcode_0_placeholder\n\n\n\n<p><br><\/p>\n\n\n\n<p>L\u0117\u0161as aik\u0161telei \u012frengti skyr\u0117:<br>82% \u017d\u016aM prie LR susisiekimo ministerijos<br>18% Mitk\u016bn\u0173 kaimo bendruomen\u0117<br>Mitk\u016bn\u0173 kaimo gyventojai savo j\u0117gomis atliko \u012frengimo darbus <\/p>\n","protected":false},"excerpt":{"rendered":"<p>2017m. Mitk\u016bn\u0173 kaimo bendruomen\u0117 pateik\u0117 pra\u0161ym\u0105 pagal Nacionalin\u0117s paramos kaimo bendruomeni\u0173 veiklai remti apra\u0161\u0105 skirt\u0105 kaimo vietov\u0117s vie\u0161\u0173j\u0173 erdvi\u0173 sutvarkymui, pritaikant jas kaimo gyventoj\u0173 poreikiams. Projekto metu: sutvarkyta vie\u0161oji erdv\u0117 valstybin\u0117je \u017eem\u0117je: i\u0161lygintas sklypas, \u012frengtas drena\u017eas, \u012frengta aktyvaus poilsio aik\u0161tel\u0117, pastatytas aik\u0161tel\u0117s ap\u0161vietimas, sutvarkytas gerb\u016bvis: sud\u0117tos trinkel\u0117s, pastatyta tvorel\u0117, \u012frengta saugos kamera L\u0117\u0161as aik\u0161telei \u012frengti &hellip; <\/p>\n<p><a class=\"more-link btn\" href=\"https:\/\/www.mitkunai.lt\/?page_id=114\">Continue reading<\/a><\/p>\n","protected":false},"author":1,"featured_media":0,"parent":106,"menu_order":0,"comment_status":"closed","ping_status":"closed","template":"","meta":{"ngg_post_thumbnail":0,"footnotes":""},"class_list":["post-114","page","type-page","status-publish","hentry","nodate","item-wrap"],"_links":{"self":[{"href":"https:\/\/www.mitkunai.lt\/index.php?rest_route=\/wp\/v2\/pages\/114","targetHints":{"allow":["GET"]}}],"collection":[{"href":"https:\/\/www.mitkunai.lt\/index.php?rest_route=\/wp\/v2\/pages"}],"about":[{"href":"https:\/\/www.mitkunai.lt\/index.php?rest_route=\/wp\/v2\/types\/page"}],"author":[{"embeddable":true,"href":"https:\/\/www.mitkunai.lt\/index.php?rest_route=\/wp\/v2\/users\/1"}],"replies":[{"embeddable":true,"href":"https:\/\/www.mitkunai.lt\/index.php?rest_route=%2Fwp%2Fv2%2Fcomments&post=114"}],"version-history":[{"count":7,"href":"https:\/\/www.mitkunai.lt\/index.php?rest_route=\/wp\/v2\/pages\/114\/revisions"}],"predecessor-version":[{"id":194,"href":"https:\/\/www.mitkunai.lt\/index.php?rest_route=\/wp\/v2\/pages\/114\/revisions\/194"}],"up":[{"embeddable":true,"href":"https:\/\/www.mitkunai.lt\/index.php?rest_route=\/wp\/v2\/pages\/106"}],"wp:attachment":[{"href":"https:\/\/www.mitkunai.lt\/index.php?rest_route=%2Fwp%2Fv2%2Fmedia&parent=114"}],"curies":[{"name":"wp","href":"https:\/\/api.w.org\/{rel}","templated":true}]}}