{"id":216,"date":"2019-03-21T15:09:03","date_gmt":"2019-03-21T13:09:03","guid":{"rendered":"http:\/\/www.mitkunai.lt\/?page_id=216"},"modified":"2019-03-21T15:10:53","modified_gmt":"2019-03-21T13:10:53","slug":"2018-gatves-apsvietimas","status":"publish","type":"page","link":"https:\/\/www.mitkunai.lt\/?page_id=216","title":{"rendered":"2018 Gatv\u0117s ap\u0161vietimas"},"content":{"rendered":"<div id=\"fb-root\"><\/div>\n\n<p>Besiple\u010diant nam\u0173 gyvenvietei atsirado poreikis \u012frengti gatv\u0117s ap\u0161vietim\u0105 Vaivoryk\u0161t\u0117s gatv\u0117je. Bendruomen\u0117s bei gyventoj\u0173 l\u0117\u0161omis buvo pastatyti dar keli ap\u0161vietimo stulpai.<\/p>\n\n\n\nngg_shortcode_0_placeholder\n","protected":false},"excerpt":{"rendered":"<p>Besiple\u010diant nam\u0173 gyvenvietei atsirado poreikis \u012frengti gatv\u0117s ap\u0161vietim\u0105 Vaivoryk\u0161t\u0117s gatv\u0117je. Bendruomen\u0117s bei gyventoj\u0173 l\u0117\u0161omis buvo pastatyti dar keli ap\u0161vietimo stulpai.<\/p>\n","protected":false},"author":1,"featured_media":0,"parent":106,"menu_order":0,"comment_status":"closed","ping_status":"closed","template":"","meta":{"ngg_post_thumbnail":0,"footnotes":""},"class_list":["post-216","page","type-page","status-publish","hentry","nodate","item-wrap"],"_links":{"self":[{"href":"https:\/\/www.mitkunai.lt\/index.php?rest_route=\/wp\/v2\/pages\/216","targetHints":{"allow":["GET"]}}],"collection":[{"href":"https:\/\/www.mitkunai.lt\/index.php?rest_route=\/wp\/v2\/pages"}],"about":[{"href":"https:\/\/www.mitkunai.lt\/index.php?rest_route=\/wp\/v2\/types\/page"}],"author":[{"embeddable":true,"href":"https:\/\/www.mitkunai.lt\/index.php?rest_route=\/wp\/v2\/users\/1"}],"replies":[{"embeddable":true,"href":"https:\/\/www.mitkunai.lt\/index.php?rest_route=%2Fwp%2Fv2%2Fcomments&post=216"}],"version-history":[{"count":2,"href":"https:\/\/www.mitkunai.lt\/index.php?rest_route=\/wp\/v2\/pages\/216\/revisions"}],"predecessor-version":[{"id":221,"href":"https:\/\/www.mitkunai.lt\/index.php?rest_route=\/wp\/v2\/pages\/216\/revisions\/221"}],"up":[{"embeddable":true,"href":"https:\/\/www.mitkunai.lt\/index.php?rest_route=\/wp\/v2\/pages\/106"}],"wp:attachment":[{"href":"https:\/\/www.mitkunai.lt\/index.php?rest_route=%2Fwp%2Fv2%2Fmedia&parent=216"}],"curies":[{"name":"wp","href":"https:\/\/api.w.org\/{rel}","templated":true}]}}