{"id":223,"date":"2019-03-21T15:24:30","date_gmt":"2019-03-21T13:24:30","guid":{"rendered":"http:\/\/www.mitkunai.lt\/?page_id=223"},"modified":"2019-03-21T15:28:41","modified_gmt":"2019-03-21T13:28:41","slug":"2016-seimos-svente","status":"publish","type":"page","link":"https:\/\/www.mitkunai.lt\/?page_id=223","title":{"rendered":"2016 \u0160eimos \u0161vent\u0117"},"content":{"rendered":"<div id=\"fb-root\"><\/div>\n\nngg_shortcode_0_placeholder\n","protected":false},"excerpt":{"rendered":"","protected":false},"author":1,"featured_media":0,"parent":106,"menu_order":0,"comment_status":"closed","ping_status":"closed","template":"","meta":{"ngg_post_thumbnail":0,"footnotes":""},"class_list":["post-223","page","type-page","status-publish","hentry","nodate","item-wrap"],"_links":{"self":[{"href":"https:\/\/www.mitkunai.lt\/index.php?rest_route=\/wp\/v2\/pages\/223","targetHints":{"allow":["GET"]}}],"collection":[{"href":"https:\/\/www.mitkunai.lt\/index.php?rest_route=\/wp\/v2\/pages"}],"about":[{"href":"https:\/\/www.mitkunai.lt\/index.php?rest_route=\/wp\/v2\/types\/page"}],"author":[{"embeddable":true,"href":"https:\/\/www.mitkunai.lt\/index.php?rest_route=\/wp\/v2\/users\/1"}],"replies":[{"embeddable":true,"href":"https:\/\/www.mitkunai.lt\/index.php?rest_route=%2Fwp%2Fv2%2Fcomments&post=223"}],"version-history":[{"count":2,"href":"https:\/\/www.mitkunai.lt\/index.php?rest_route=\/wp\/v2\/pages\/223\/revisions"}],"predecessor-version":[{"id":234,"href":"https:\/\/www.mitkunai.lt\/index.php?rest_route=\/wp\/v2\/pages\/223\/revisions\/234"}],"up":[{"embeddable":true,"href":"https:\/\/www.mitkunai.lt\/index.php?rest_route=\/wp\/v2\/pages\/106"}],"wp:attachment":[{"href":"https:\/\/www.mitkunai.lt\/index.php?rest_route=%2Fwp%2Fv2%2Fmedia&parent=223"}],"curies":[{"name":"wp","href":"https:\/\/api.w.org\/{rel}","templated":true}]}}