{"id":255,"date":"2019-03-21T15:42:48","date_gmt":"2019-03-21T13:42:48","guid":{"rendered":"http:\/\/www.mitkunai.lt\/?page_id=255"},"modified":"2019-03-21T15:42:48","modified_gmt":"2019-03-21T13:42:48","slug":"2019-uzgavenes","status":"publish","type":"page","link":"https:\/\/www.mitkunai.lt\/?page_id=255","title":{"rendered":"2019 U\u017egav\u0117n\u0117s"},"content":{"rendered":"<div id=\"fb-root\"><\/div>\n\nngg_shortcode_0_placeholder\n","protected":false},"excerpt":{"rendered":"","protected":false},"author":1,"featured_media":0,"parent":106,"menu_order":0,"comment_status":"closed","ping_status":"closed","template":"","meta":{"ngg_post_thumbnail":0,"footnotes":""},"class_list":["post-255","page","type-page","status-publish","hentry","nodate","item-wrap"],"_links":{"self":[{"href":"https:\/\/www.mitkunai.lt\/index.php?rest_route=\/wp\/v2\/pages\/255","targetHints":{"allow":["GET"]}}],"collection":[{"href":"https:\/\/www.mitkunai.lt\/index.php?rest_route=\/wp\/v2\/pages"}],"about":[{"href":"https:\/\/www.mitkunai.lt\/index.php?rest_route=\/wp\/v2\/types\/page"}],"author":[{"embeddable":true,"href":"https:\/\/www.mitkunai.lt\/index.php?rest_route=\/wp\/v2\/users\/1"}],"replies":[{"embeddable":true,"href":"https:\/\/www.mitkunai.lt\/index.php?rest_route=%2Fwp%2Fv2%2Fcomments&post=255"}],"version-history":[{"count":1,"href":"https:\/\/www.mitkunai.lt\/index.php?rest_route=\/wp\/v2\/pages\/255\/revisions"}],"predecessor-version":[{"id":256,"href":"https:\/\/www.mitkunai.lt\/index.php?rest_route=\/wp\/v2\/pages\/255\/revisions\/256"}],"up":[{"embeddable":true,"href":"https:\/\/www.mitkunai.lt\/index.php?rest_route=\/wp\/v2\/pages\/106"}],"wp:attachment":[{"href":"https:\/\/www.mitkunai.lt\/index.php?rest_route=%2Fwp%2Fv2%2Fmedia&parent=255"}],"curies":[{"name":"wp","href":"https:\/\/api.w.org\/{rel}","templated":true}]}}