{"id":278,"date":"2021-04-20T17:10:17","date_gmt":"2021-04-20T15:10:17","guid":{"rendered":"https:\/\/www.mitkunai.lt\/?page_id=278"},"modified":"2021-07-13T16:45:42","modified_gmt":"2021-07-13T14:45:42","slug":"vandens-sportas-mitkunuose","status":"publish","type":"page","link":"https:\/\/www.mitkunai.lt\/?page_id=278","title":{"rendered":"Vandens sportas Mitk\u016bnuose"},"content":{"rendered":"<div id=\"fb-root\"><\/div>\n\n<p>Mielieji bendruomen\u0117s nariai, gretim\u0173 bendruomeni\u0173 nariai bei sve\u010diai, po ilgo s\u0105stingio kvie\u010diame vandens sporto m\u0117g\u0117jus papramogauti!<\/p>\n\n\n\n<p>Mitk\u016bn\u0173 kaimo bendruomen\u0117 su Sporto r\u0117mimo fondo pagalba si\u016blo aktyviai praleisti laik\u0105 ant Gai\u017e\u0117n\u0173 tvenkinio vandens.<\/p>\n\n\n\n<p>Gai\u017e\u0117n\u0173 tvenkinyje J\u016bs\u0173 laukia daugyb\u0117 smagi\u0173 vandens pramog\u0173:<\/p>\n\n\n\n<ul class=\"wp-block-list\"><li>romanti\u0161ki, o gal net \u0161eimyni\u0161ki pasiplaukiojimai vandens dvira\u010diais;<\/li><li>plaukimas baidare suteiks \u012fsimintin\u0173 akimirk\u0173 aktyvaus poilsio myl\u0117tojams ar ie\u0161kantiems ramyb\u0117s gamtoje;<\/li><li>irklavimas stovint tai puikus b\u016bdas i\u0161reik\u0161ti savo aistr\u0105 vandens sportui. Meskite i\u0161\u0161\u016bk\u012f vandens stichijai irklente, o gal i\u0161\u0161\u016bk\u012f mesite savo kaimynui?!<\/li><li>Pasiplaukiojimas valtele, tai absoliu\u010dios laisv\u0117s poj\u016btis.<\/li><\/ul>\n\n\n\n<p>Skatinkime vieni kit\u0173 sveik\u0105 gyvensen\u0105 ir fizin\u012f aktyvum\u0105. Atraskite savo talent\u0105!<\/p>\n\n\n\n<p>J\u016bs\u0173 aktyviam laisvalaikiui si\u016blome pasinaudoti :<\/p>\n\n\n\n<ul class=\"wp-block-list\"><li>Vandens dvira\u010diais<\/li><li>Irklent\u0117mis<\/li><li>Baidar\u0117mis<\/li><li>Valtimis<\/li><\/ul>\n\n\n\n<p><\/p>\n\n\n\n<p>Tel. pasiteirauti 8 617 77142<br>B\u016btina i\u0161ankstin\u0117 registracija. Imamas 50\u20ac u\u017estatas kuris, gr\u0105\u017einus tvarking\u0105 inventori\u0173, gr\u0105\u017einamas.<\/p>\n\n\n\n<p><a href=\"https:\/\/www.mitkunai.lt\/wp-content\/uploads\/2021\/04\/vandens-inventoriaus-taisykles.pdf\" target=\"_blank\" rel=\"noreferrer noopener\">Vandens inventoriaus taisykl\u0117s<\/a><\/p>\n\n\n\n<p><a rel=\"noreferrer noopener\" href=\"https:\/\/outlook.office365.com\/owa\/calendar\/Mitkunukaimobendruomene@mitkunai.lt\/bookings\/\" target=\"_blank\">Laiko rezervacija online<\/a><\/p>\n\n\n\n<p class=\"has-text-align-center\"><em>Projektas \u201cVandens sportas Mitk\u016bnuose\u201c bendrai finansuojamas Sporto r\u0117mimo fondo l\u0117\u0161omis, kur\u012f administruoja \u0160vietimo, mokslo ir sporto ministerija, \u0160vietimo main\u0173 paramos fondas ir Centrin\u0117 projekt\u0173 valdymo agent\u016bra<\/em>.<\/p>\n\n\n\n<p class=\"has-text-align-center\"><img loading=\"lazy\" decoding=\"async\" width=\"300\" height=\"170\" class=\"wp-image-304\" style=\"width: 300px;\" src=\"http:\/\/www.mitkunai.lt\/wp-content\/uploads\/2021\/04\/SRF-logo.png\" alt=\"\" srcset=\"https:\/\/www.mitkunai.lt\/wp-content\/uploads\/2021\/04\/SRF-logo.png 2324w, https:\/\/www.mitkunai.lt\/wp-content\/uploads\/2021\/04\/SRF-logo-300x170.png 300w, https:\/\/www.mitkunai.lt\/wp-content\/uploads\/2021\/04\/SRF-logo-1024x581.png 1024w, https:\/\/www.mitkunai.lt\/wp-content\/uploads\/2021\/04\/SRF-logo-768x436.png 768w, https:\/\/www.mitkunai.lt\/wp-content\/uploads\/2021\/04\/SRF-logo-1536x871.png 1536w, https:\/\/www.mitkunai.lt\/wp-content\/uploads\/2021\/04\/SRF-logo-2048x1161.png 2048w, https:\/\/www.mitkunai.lt\/wp-content\/uploads\/2021\/04\/SRF-logo-750x425.png 750w\" sizes=\"auto, (max-width: 300px) 100vw, 300px\" \/><\/p>\n","protected":false},"excerpt":{"rendered":"<p>Mielieji bendruomen\u0117s nariai, gretim\u0173 bendruomeni\u0173 nariai bei sve\u010diai, po ilgo s\u0105stingio kvie\u010diame vandens sporto m\u0117g\u0117jus papramogauti! Mitk\u016bn\u0173 kaimo bendruomen\u0117 su Sporto r\u0117mimo fondo pagalba si\u016blo aktyviai praleisti laik\u0105 ant Gai\u017e\u0117n\u0173 tvenkinio vandens. Gai\u017e\u0117n\u0173 tvenkinyje J\u016bs\u0173 laukia daugyb\u0117 smagi\u0173 vandens pramog\u0173: romanti\u0161ki, o gal net \u0161eimyni\u0161ki pasiplaukiojimai vandens dvira\u010diais; plaukimas baidare suteiks \u012fsimintin\u0173 akimirk\u0173 aktyvaus poilsio &hellip; <\/p>\n<p><a class=\"more-link btn\" href=\"https:\/\/www.mitkunai.lt\/?page_id=278\">Continue reading<\/a><\/p>\n","protected":false},"author":1,"featured_media":0,"parent":106,"menu_order":0,"comment_status":"closed","ping_status":"closed","template":"","meta":{"ngg_post_thumbnail":0,"footnotes":""},"class_list":["post-278","page","type-page","status-publish","hentry","nodate","item-wrap"],"_links":{"self":[{"href":"https:\/\/www.mitkunai.lt\/index.php?rest_route=\/wp\/v2\/pages\/278","targetHints":{"allow":["GET"]}}],"collection":[{"href":"https:\/\/www.mitkunai.lt\/index.php?rest_route=\/wp\/v2\/pages"}],"about":[{"href":"https:\/\/www.mitkunai.lt\/index.php?rest_route=\/wp\/v2\/types\/page"}],"author":[{"embeddable":true,"href":"https:\/\/www.mitkunai.lt\/index.php?rest_route=\/wp\/v2\/users\/1"}],"replies":[{"embeddable":true,"href":"https:\/\/www.mitkunai.lt\/index.php?rest_route=%2Fwp%2Fv2%2Fcomments&post=278"}],"version-history":[{"count":22,"href":"https:\/\/www.mitkunai.lt\/index.php?rest_route=\/wp\/v2\/pages\/278\/revisions"}],"predecessor-version":[{"id":325,"href":"https:\/\/www.mitkunai.lt\/index.php?rest_route=\/wp\/v2\/pages\/278\/revisions\/325"}],"up":[{"embeddable":true,"href":"https:\/\/www.mitkunai.lt\/index.php?rest_route=\/wp\/v2\/pages\/106"}],"wp:attachment":[{"href":"https:\/\/www.mitkunai.lt\/index.php?rest_route=%2Fwp%2Fv2%2Fmedia&parent=278"}],"curies":[{"name":"wp","href":"https:\/\/api.w.org\/{rel}","templated":true}]}}