{"id":363,"date":"2022-07-10T23:15:31","date_gmt":"2022-07-10T21:15:31","guid":{"rendered":"http:\/\/www.mitkunai.lt\/?page_id=363"},"modified":"2022-07-11T09:04:06","modified_gmt":"2022-07-11T07:04:06","slug":"vandens-sporto-projekto-rezultatai","status":"publish","type":"page","link":"https:\/\/www.mitkunai.lt\/?page_id=363","title":{"rendered":"Apie projekt\u0105"},"content":{"rendered":"<div id=\"fb-root\"><\/div>\n\n<p>Mitk\u016bn\u0173 kaimo bendruomen\u0117s inicijuotas projektas suteik\u0117 galimyb\u0119 i\u0161naudoti Gai\u017e\u0117n\u0173 tvenkinio erdves  Mitk\u016bn\u0173 kaimo bendruomen\u0117s variklis \u2013 entuziazmo kupinas pirmininko H. \u0160epe\u010dio veiklumas. Savo energija u\u017ekre\u010diantis ir visus Mitk\u016bn\u0173 kaimo bendruomen\u0117s narius.  Nors \u0161i bendruomen\u0117 dar jauna, ta\u010diau aktyvumu nenusileid\u017eia ilgamet\u0117ms bendruomen\u0117ms.   \u0160\u016bkis \u201eGyventi prasming\u0105 gyvenim\u0105 ne tik sau, bet ir visuomenei!\u201c pad\u0117jo su\u017eadinti aktyv\u0173 gyvenim\u0105 \u017emon\u0117ms per jud\u0117jim\u0105 ir fizin\u0119 veikl\u0105, sportuoti ir b\u016bti fizi\u0161kai aktyviems, sunkiu pandeminiu metu.   Vandens sporto pramogos itin m\u0117gstamos visame pasaulyje, tod\u0117l id\u0117jos sumanytojui H. \u0160epe\u010diui kilo mintis i\u0161naudoti \u0161alia esant\u012f Gai\u017e\u0117n\u0173 tvenkin\u012f. \u010cia sukurti toki\u0105 viet\u0105, kuri b\u016bt\u0173 prieinama visiems gyventojams:<\/p>\n\n\n\n<p>   \u2022 romanti\u0161ki, o gal net \u0161eimyni\u0161ki pasiplaukiojimai vandens dvira\u010diais; <\/p>\n\n\n\n<p>\u2022 plaukimas baidare suteikiantis \u012fsimintin\u0173 akimirk\u0173 aktyvaus poilsio myl\u0117tojams ar ie\u0161kantiems ramyb\u0117s gamtoje;<\/p>\n\n\n\n<p> \u2022 irklavimas stovint tai puikus b\u016bdas i\u0161reik\u0161ti savo aistr\u0105 vandens sportui. Mesti i\u0161\u0161\u016bk\u012f vandens stichijai irklente, o gal i\u0161\u0161\u016bk\u012f mesite savo kaimynui?!<\/p>\n\n\n\n<p> \u2022 pasiplaukiojimas valtele, tai absoliu\u010dios laisv\u0117s poj\u016btis, ne tik m\u0117gstantiems \u017evejyb\u0105. <\/p>\n\n\n\n<p> \u201c<em>Skatinkime vieni kit\u0173 sveik\u0105 gyvensen\u0105 ir fizin\u012f aktyvum\u0105. Atraskite savo talent\u0105!<\/em>\u201d &#8211; da\u017enai pabr\u0117\u017eia  m\u016bs\u0173 bendruomen\u0117s pirmininkas H. \u0160epetys. Ir jis teisus, juk kasdienis stresas, r\u016bpes\u010diai ir poilsio stoka i\u0161balansuoja \u017emog\u0173, tod\u0117l neju\u010diomis tampame suirz\u0119, apati\u0161ki ir sunkiau susikaupiame.  <\/p>\n\n\n\n<p>Taip pat id\u0117jos autoriaus planuose \u2013 vie\u0161oje erdv\u0117je sutvarkyti aplink\u0105 prie Gai\u017e\u0117n\u0173 tvenkinio, \u012frengti tinklinio aik\u0161tel\u0119, prieplauk\u0105 patogesniam vandens inventoriaus prisi\u0161vartavimui.<\/p>\n\n\n\n<p> Projektas \u201eVandens sportas Mitk\u016bnuose\u201c suteik\u0117 kokybi\u0161k\u0105 \u017emoni\u0173 tarpusavio integracija \u012f visuomen\u0119 per jud\u0117jim\u0105 ir fizin\u0119 veikl\u0105, siekiant sudaryti tinkamas s\u0105lygas sportuoti ir b\u016bti fizi\u0161kai aktyviems, savirai\u0161kai ir pasitik\u0117jimui. \u0160io projekto metu vandens sport\u0105 atrado ne vienas bendruomen\u0117s narys ar aplinkinis gyventojas, o \u012fsigijus taip reikaling\u0105  \u012frang\u0105 \u017emoni\u0173 fizinis aktyvumas t\u0119stinas ir toliau. Susirandame daug draug\u0173, mokom\u0117s bendrauti, ugdome savaranki\u0161kum\u0105 ir bendruomeni\u0161kum\u0105.  <\/p>\n\n\n\n<p>Projekt\u0105 bendrai finansavo Sporto r\u0117mimo fondas, kur\u012f administruoja \u0160vietimo main\u0173 paramos fondas, kurio pagrindinis tikslas \u2013 skatinti Lietuvos gyventoj\u0173 fizin\u012f aktyvum\u0105.<\/p>\n\n\n\n<figure class=\"wp-block-image size-large\"><img loading=\"lazy\" decoding=\"async\" width=\"1024\" height=\"581\" src=\"http:\/\/www.mitkunai.lt\/wp-content\/uploads\/2021\/04\/SRF-logo-1024x581.png\" alt=\"\" class=\"wp-image-304\" srcset=\"https:\/\/www.mitkunai.lt\/wp-content\/uploads\/2021\/04\/SRF-logo-1024x581.png 1024w, https:\/\/www.mitkunai.lt\/wp-content\/uploads\/2021\/04\/SRF-logo-300x170.png 300w, https:\/\/www.mitkunai.lt\/wp-content\/uploads\/2021\/04\/SRF-logo-768x436.png 768w, https:\/\/www.mitkunai.lt\/wp-content\/uploads\/2021\/04\/SRF-logo-1536x871.png 1536w, https:\/\/www.mitkunai.lt\/wp-content\/uploads\/2021\/04\/SRF-logo-2048x1161.png 2048w, https:\/\/www.mitkunai.lt\/wp-content\/uploads\/2021\/04\/SRF-logo-750x425.png 750w\" sizes=\"auto, (max-width: 1024px) 100vw, 1024px\" \/><\/figure>\n\n\n\n<p>Prie projekto taip pat prisid\u0117jo ir Kauno rajono savivaldyb\u0117 savo l\u0117\u0161omis suk\u016brusi galimyb\u0119 apsaugoti inventori\u0173 kameromis bei signalizacija. <\/p>\n","protected":false},"excerpt":{"rendered":"<p>Mitk\u016bn\u0173 kaimo bendruomen\u0117s inicijuotas projektas suteik\u0117 galimyb\u0119 i\u0161naudoti Gai\u017e\u0117n\u0173 tvenkinio erdves Mitk\u016bn\u0173 kaimo bendruomen\u0117s variklis \u2013 entuziazmo kupinas pirmininko H. \u0160epe\u010dio veiklumas. Savo energija u\u017ekre\u010diantis ir visus Mitk\u016bn\u0173 kaimo bendruomen\u0117s narius. Nors \u0161i bendruomen\u0117 dar jauna, ta\u010diau aktyvumu nenusileid\u017eia ilgamet\u0117ms bendruomen\u0117ms. \u0160\u016bkis \u201eGyventi prasming\u0105 gyvenim\u0105 ne tik sau, bet ir visuomenei!\u201c pad\u0117jo su\u017eadinti aktyv\u0173 gyvenim\u0105 &hellip; <\/p>\n<p><a class=\"more-link btn\" href=\"https:\/\/www.mitkunai.lt\/?page_id=363\">Continue reading<\/a><\/p>\n","protected":false},"author":1,"featured_media":0,"parent":327,"menu_order":0,"comment_status":"closed","ping_status":"closed","template":"","meta":{"ngg_post_thumbnail":0,"footnotes":""},"class_list":["post-363","page","type-page","status-publish","hentry","nodate","item-wrap"],"_links":{"self":[{"href":"https:\/\/www.mitkunai.lt\/index.php?rest_route=\/wp\/v2\/pages\/363","targetHints":{"allow":["GET"]}}],"collection":[{"href":"https:\/\/www.mitkunai.lt\/index.php?rest_route=\/wp\/v2\/pages"}],"about":[{"href":"https:\/\/www.mitkunai.lt\/index.php?rest_route=\/wp\/v2\/types\/page"}],"author":[{"embeddable":true,"href":"https:\/\/www.mitkunai.lt\/index.php?rest_route=\/wp\/v2\/users\/1"}],"replies":[{"embeddable":true,"href":"https:\/\/www.mitkunai.lt\/index.php?rest_route=%2Fwp%2Fv2%2Fcomments&post=363"}],"version-history":[{"count":7,"href":"https:\/\/www.mitkunai.lt\/index.php?rest_route=\/wp\/v2\/pages\/363\/revisions"}],"predecessor-version":[{"id":374,"href":"https:\/\/www.mitkunai.lt\/index.php?rest_route=\/wp\/v2\/pages\/363\/revisions\/374"}],"up":[{"embeddable":true,"href":"https:\/\/www.mitkunai.lt\/index.php?rest_route=\/wp\/v2\/pages\/327"}],"wp:attachment":[{"href":"https:\/\/www.mitkunai.lt\/index.php?rest_route=%2Fwp%2Fv2%2Fmedia&parent=363"}],"curies":[{"name":"wp","href":"https:\/\/api.w.org\/{rel}","templated":true}]}}