{"id":38,"date":"2018-10-16T15:29:00","date_gmt":"2018-10-16T13:29:00","guid":{"rendered":"http:\/\/www.mitkunai.lt\/?page_id=38"},"modified":"2020-04-19T20:24:45","modified_gmt":"2020-04-19T18:24:45","slug":"2-parama","status":"publish","type":"page","link":"https:\/\/www.mitkunai.lt\/?page_id=38","title":{"rendered":"1,2% Parama (anks\u010diau \u017einoma kaip 2%)"},"content":{"rendered":"<div id=\"fb-root\"><\/div>\n\n<p>Tik nuo j\u016bs\u0173 paramos atsiveria galimyb\u0117s m\u016bs\u0173 vis\u0173 gerovei puosel\u0117ti. <\/p>\n\n\n\n<p>\u012egyvendinus mokes\u010di\u0173 reform\u0105, nuo 2019 m. 1,289 karto (iki mokes\u010di\u0173) padidintas darbo u\u017emokestis, taip pat pakeistas gyventoj\u0173 pajam\u0173 mokes\u010dio (GPM) tarifas, tod\u0117l <strong>pasikeit\u0117 ir gyventoj\u0173 paramai skiriamos GPM dalys:<\/strong><\/p>\n\n\n\n<ul class=\"wp-block-list\"><li>Paramos gav\u0117jams (tarp j\u0173 ir meno k\u016br\u0117jams, i\u0161skyrus profesines s\u0105jungas ar j\u0173 susivienijimus) bus galima skirti <strong>iki 1,2 proc.<\/strong> GPM (anks\u010diau buvo 2 proc.);<\/li><\/ul>\n\n\n\n<p>1,2% parama yra lengviausias b\u016bdas finansi\u0161kai pagelb\u0117ti m\u016bs\u0173 bendruomenei.<br>Lenviausiai tai padaryti galima per <a href=\"https:\/\/deklaravimas.vmi.lt\">deklaravimas.vmi.lt <\/a>u\u017epildant FR0512 form\u0105 <\/p>\n\n\n\n<figure class=\"wp-block-image\"><img loading=\"lazy\" decoding=\"async\" width=\"993\" height=\"599\" src=\"http:\/\/www.mitkunai.lt\/wp-content\/uploads\/2018\/12\/eds_vmi.jpg\" alt=\"\" class=\"wp-image-45\" srcset=\"https:\/\/www.mitkunai.lt\/wp-content\/uploads\/2018\/12\/eds_vmi.jpg 993w, https:\/\/www.mitkunai.lt\/wp-content\/uploads\/2018\/12\/eds_vmi-300x181.jpg 300w, https:\/\/www.mitkunai.lt\/wp-content\/uploads\/2018\/12\/eds_vmi-768x463.jpg 768w\" sizes=\"auto, (max-width: 993px) 100vw, 993px\" \/><\/figure>\n\n\n\n<p>\u012e form\u0105 reikia tereikia \u012fra\u0161yti Mitk\u016bn\u0173 kaimo bendruomen\u0117s kod\u0105 <strong>304180381<\/strong> bei kelias kitas smulkias detales.<br>Pavyzdys:<\/p>\n\n\n\n<figure class=\"wp-block-gallery columns-1 is-cropped wp-block-gallery-1 is-layout-flex wp-block-gallery-is-layout-flex\"><ul class=\"blocks-gallery-grid\"><li class=\"blocks-gallery-item\"><figure><a href=\"http:\/\/www.mitkunai.lt\/wp-content\/uploads\/2020\/04\/pavyzdys_vmi-1.png\"><img loading=\"lazy\" decoding=\"async\" width=\"1024\" height=\"549\" src=\"http:\/\/www.mitkunai.lt\/wp-content\/uploads\/2020\/04\/pavyzdys_vmi-1-1024x549.png\" alt=\"\" data-id=\"270\" data-full-url=\"http:\/\/www.mitkunai.lt\/wp-content\/uploads\/2020\/04\/pavyzdys_vmi-1.png\" data-link=\"http:\/\/www.mitkunai.lt\/?attachment_id=270\" class=\"wp-image-270\" srcset=\"https:\/\/www.mitkunai.lt\/wp-content\/uploads\/2020\/04\/pavyzdys_vmi-1-1024x549.png 1024w, https:\/\/www.mitkunai.lt\/wp-content\/uploads\/2020\/04\/pavyzdys_vmi-1-300x161.png 300w, https:\/\/www.mitkunai.lt\/wp-content\/uploads\/2020\/04\/pavyzdys_vmi-1-768x412.png 768w, https:\/\/www.mitkunai.lt\/wp-content\/uploads\/2020\/04\/pavyzdys_vmi-1-1536x824.png 1536w, https:\/\/www.mitkunai.lt\/wp-content\/uploads\/2020\/04\/pavyzdys_vmi-1.png 1600w\" sizes=\"auto, (max-width: 1024px) 100vw, 1024px\" \/><\/a><\/figure><\/li><\/ul><\/figure>\n\n\n\n<p><br><\/p>\n","protected":false},"excerpt":{"rendered":"<p>Tik nuo j\u016bs\u0173 paramos atsiveria galimyb\u0117s m\u016bs\u0173 vis\u0173 gerovei puosel\u0117ti. \u012egyvendinus mokes\u010di\u0173 reform\u0105, nuo 2019 m. 1,289 karto (iki mokes\u010di\u0173) padidintas darbo u\u017emokestis, taip pat pakeistas gyventoj\u0173 pajam\u0173 mokes\u010dio (GPM) tarifas, tod\u0117l pasikeit\u0117 ir gyventoj\u0173 paramai skiriamos GPM dalys: Paramos gav\u0117jams (tarp j\u0173 ir meno k\u016br\u0117jams, i\u0161skyrus profesines s\u0105jungas ar j\u0173 susivienijimus) bus galima skirti &hellip; <\/p>\n<p><a class=\"more-link btn\" href=\"https:\/\/www.mitkunai.lt\/?page_id=38\">Continue reading<\/a><\/p>\n","protected":false},"author":1,"featured_media":0,"parent":36,"menu_order":0,"comment_status":"closed","ping_status":"closed","template":"","meta":{"ngg_post_thumbnail":0,"footnotes":""},"class_list":["post-38","page","type-page","status-publish","hentry","nodate","item-wrap"],"_links":{"self":[{"href":"https:\/\/www.mitkunai.lt\/index.php?rest_route=\/wp\/v2\/pages\/38","targetHints":{"allow":["GET"]}}],"collection":[{"href":"https:\/\/www.mitkunai.lt\/index.php?rest_route=\/wp\/v2\/pages"}],"about":[{"href":"https:\/\/www.mitkunai.lt\/index.php?rest_route=\/wp\/v2\/types\/page"}],"author":[{"embeddable":true,"href":"https:\/\/www.mitkunai.lt\/index.php?rest_route=\/wp\/v2\/users\/1"}],"replies":[{"embeddable":true,"href":"https:\/\/www.mitkunai.lt\/index.php?rest_route=%2Fwp%2Fv2%2Fcomments&post=38"}],"version-history":[{"count":10,"href":"https:\/\/www.mitkunai.lt\/index.php?rest_route=\/wp\/v2\/pages\/38\/revisions"}],"predecessor-version":[{"id":272,"href":"https:\/\/www.mitkunai.lt\/index.php?rest_route=\/wp\/v2\/pages\/38\/revisions\/272"}],"up":[{"embeddable":true,"href":"https:\/\/www.mitkunai.lt\/index.php?rest_route=\/wp\/v2\/pages\/36"}],"wp:attachment":[{"href":"https:\/\/www.mitkunai.lt\/index.php?rest_route=%2Fwp%2Fv2%2Fmedia&parent=38"}],"curies":[{"name":"wp","href":"https:\/\/api.w.org\/{rel}","templated":true}]}}